{"id":9,"date":"2016-12-09T10:13:15","date_gmt":"2016-12-09T09:13:15","guid":{"rendered":"http:\/\/www.top-speed.cc\/?page_id=9"},"modified":"2019-03-18T08:28:08","modified_gmt":"2019-03-18T07:28:08","slug":"team","status":"publish","type":"page","link":"http:\/\/www.top-speed.cc\/de\/team\/","title":{"rendered":"Team"},"content":{"rendered":"<section class=\"wpb-content-wrapper\"><p>[vc_row el_class=&#8220;pt-40 pb-40&#8243;][vc_column]<div class=\"wpb_content_element\"><div class=\"dc-headline-with-border clearfix\">\n\t\t\t\t\t<h2 class=\"dc-headline-with-border-title\">\n\t\t\t\t\t\tTeam Top Speed \u2013 Emotion trifft Passion\n\t\t\t\t\t<\/h2>\n\t\t\t\t\t<span>emotion meets passions<\/span>\n\t\t\t\t<\/div><\/div>[vc_column_text el_class=&#8220;dc-dropcap&#8220;]Das Team von Top Speed mit CEO Malin Strandberg und Team Chef und Technical Director Ingo Gerstl, freut sich, Ihnen technisch hochwertige Rennboliden f\u00fcr\u00a0Testfahrten, Rennen\u00a0und besondere Events zur Verf\u00fcgung stellen zu k\u00f6nnen!<\/p>\n<p>Team Top Speed f\u00e4hrt seit seiner Gr\u00fcndung 2007 in der BOSS GP (Big Open Single Seaters) ganz oben mit und steht f\u00fcr absolute Leidenschaft, h\u00f6chste Expertise im Bereich Motorsport und Rennfahrzeuge und f\u00fcr jahrzehntelange Erfahrung in Business mit von 0 auf 360 km\/h H\u00f6chstgeschwindigkeit.[\/vc_column_text][\/vc_column][\/vc_row][vc_row el_class=&#8220;pb-60&#8243;][vc_column width=&#8220;1\/3&#8243;]<div class=\"wpb_content_element\"><div class=\"dc-service-box\">\t<a href=\"http:\/\/www.top-speed.cc\/team\/top-speed-fahrer\/\" >\t<div class=\"dc-service-box-img\" style=\"background: url('http:\/\/www.top-speed.cc\/wp-content\/uploads\/2016\/12\/topspeed-team-fahrer-360x360.jpg') no-repeat scroll center center \/ cover;\"><\/div>\n\n\t\t\t\t\t<div class=\"dc-service-box-title-holder\">\n\t\t\t\t\t\t<h3 class=\"dc-service-box-title\">Top Speed Fahrer<\/h3>\n\t\t\t\t\t<\/div>\n\t\t\t\t\t<\/a>\n\n\t\t\t\t<\/div><\/div>[\/vc_column][vc_column width=&#8220;1\/3&#8243;]<div class=\"wpb_content_element\"><div class=\"dc-service-box\">\t<a href=\"http:\/\/www.top-speed.cc\/team\/top-speed-fahrzeuge\/\" >\t<div class=\"dc-service-box-img\" style=\"background: url('http:\/\/www.top-speed.cc\/wp-content\/uploads\/2016\/12\/topspeed-team-fahrzeuge-360x360.jpg') no-repeat scroll center center \/ cover;\"><\/div>\n\n\t\t\t\t\t<div class=\"dc-service-box-title-holder\">\n\t\t\t\t\t\t<h3 class=\"dc-service-box-title\">Top Speed Fahrzeuge<\/h3>\n\t\t\t\t\t<\/div>\n\t\t\t\t\t<\/a>\n\n\t\t\t\t<\/div><\/div>[\/vc_column][vc_column width=&#8220;1\/3&#8243;]<div class=\"wpb_content_element\"><div class=\"dc-service-box\">\t<a href=\"http:\/\/www.top-speed.cc\/team\/partner-zulieferer\/\" >\t<div class=\"dc-service-box-img\" style=\"background: url('http:\/\/www.top-speed.cc\/wp-content\/uploads\/2016\/12\/topspeed-team-partner-zulieferer-360x360.jpg') no-repeat scroll center center \/ cover;\"><\/div>\n\n\t\t\t\t\t<div class=\"dc-service-box-title-holder\">\n\t\t\t\t\t\t<h3 class=\"dc-service-box-title\">Partner und Zulieferer<\/h3>\n\t\t\t\t\t<\/div>\n\t\t\t\t\t<\/a>\n\n\t\t\t\t<\/div><\/div>[\/vc_column][\/vc_row][vc_row el_class=&#8220;pb-60&#8243;][vc_column]<div class=\"wpb_content_element\"><div class=\"dc-headline-with-border clearfix\">\n\t\t\t\t\t<h2 class=\"dc-headline-with-border-title\">\n\t\t\t\t\t\tIngo Gerstl's Streckenrekorde\n\t\t\t\t\t<\/h2>\n\t\t\t\t\t<span>Records at full throttle<\/span>\n\t\t\t\t<\/div><\/div>[vc_row_inner][vc_column_inner width=&#8220;1\/4&#8243;]<div class=\"wpb_content_element\"><h3 >AUTOMOTODROM BRNO (CZ)<\/h3><\/div><div class=\"wpb_content_element\"><h4 class=\"dc-uppercase gotham-bold\">Zeit: 1:35.155<\/h4><\/div>[vc_column_text css=&#8220;.vc_custom_1552828933578{margin-top: 0px !important;}&#8220;]08.09.2018<br \/>\nMasaryk Racing Days<br \/>\nBOSS GP Qualifying<br \/>\nFahrer: Ingo Gerstl<br \/>\nFahrzeug: Toro Rosso STR1[\/vc_column_text][\/vc_column_inner][vc_column_inner width=&#8220;1\/4&#8243;]<div class=\"wpb_content_element\"><h3 >CIRCUIT DE DIJON-PRENOIS (FR)<\/h3><\/div><div class=\"wpb_content_element\"><h4 class=\"dc-uppercase gotham-bold\">Zeit: 1:02.985<\/h4><\/div>[vc_column_text css=&#8220;.vc_custom_1552830139816{margin-top: 0px !important;}&#8220;]10.06.2015<br \/>\nMotors Cup<br \/>\nBOSS GP Rennen<br \/>\nFahrer: Ingo Gerstl<br \/>\nFahrzeug: Toro Rosso STR1[\/vc_column_text][\/vc_column_inner][vc_column_inner width=&#8220;1\/4&#8243;]<div class=\"wpb_content_element\"><h3 >SALZBURGRING (AT)<\/h3><\/div><div class=\"wpb_content_element\"><h4 class=\"dc-uppercase gotham-bold\">ZEIT: 1:08.030<\/h4><\/div>[vc_column_text css=&#8220;.vc_custom_1552828406835{margin-top: 0px !important;}&#8220;]06.05.2016<br \/>\nShow Laps Race Event<br \/>\nTCR International Series<br \/>\nFahrer: Ingo Gerstl<br \/>\nFahrzeug: Toro Rosso STR1[\/vc_column_text][\/vc_column_inner][vc_column_inner width=&#8220;1\/4&#8243;]<div class=\"wpb_content_element\"><h3 >TT CIRCUIT ASSEN (NL)<\/h3><\/div><div class=\"wpb_content_element\"><h4 class=\"dc-uppercase gotham-bold\">ZEIT: 1:17.157<\/h4><\/div>[vc_column_text css=&#8220;.vc_custom_1552830207143{margin-top: 0px !important;}&#8220;]18.08.2018<br \/>\nGAMMA Racing Day<br \/>\nBOSS GP Qualifying<br \/>\nFahrer: Ingo Gerstl<br \/>\nFahrzeug: Toro Rosso STR1[\/vc_column_text][\/vc_column_inner][\/vc_row_inner][\/vc_column][\/vc_row][vc_row full_width=&#8220;stretch_row&#8220; parallax=&#8220;content-moving&#8220; el_class=&#8220;pt-100 pb-100&#8243; css=&#8220;.vc_custom_1552828581987{background-image: url(http:\/\/www.top-speed.cc\/wp-content\/uploads\/2016\/12\/topspeed-team-parallax.jpg?id=177) !important;}&#8220;][vc_column][vc_raw_html]JTNDZGl2JTIwc3R5bGUlM0QlMjJ3aWR0aCUzQSUyMDEwMCUyNSUzQiUyMG1pbi1oZWlnaHQlM0ElMjA1MDBweCUzQiUyMiUzRSUzQyUyRmRpdiUzRQ==[\/vc_raw_html][\/vc_column][\/vc_row]<\/p>\n<\/section>","protected":false},"excerpt":{"rendered":"<p>[vc_row el_class=&#8220;pt-40 pb-40&#8243;][vc_column][vc_column_text el_class=&#8220;dc-dropcap&#8220;]Das Team von Top Speed mit CEO Malin Strandberg und Team Chef und Technical Director Ingo Gerstl, freut sich, Ihnen technisch hochwertige Rennboliden f\u00fcr\u00a0Testfahrten, Rennen\u00a0und besondere Events zur Verf\u00fcgung stellen zu k\u00f6nnen! Team Top Speed f\u00e4hrt seit seiner Gr\u00fcndung 2007 in der BOSS GP (Big Open Single Seaters) ganz oben mit und [&hellip;]<\/p>\n","protected":false},"author":4,"featured_media":0,"parent":0,"menu_order":0,"comment_status":"closed","ping_status":"closed","template":"","meta":[],"_links":{"self":[{"href":"http:\/\/www.top-speed.cc\/de\/wp-json\/wp\/v2\/pages\/9"}],"collection":[{"href":"http:\/\/www.top-speed.cc\/de\/wp-json\/wp\/v2\/pages"}],"about":[{"href":"http:\/\/www.top-speed.cc\/de\/wp-json\/wp\/v2\/types\/page"}],"author":[{"embeddable":true,"href":"http:\/\/www.top-speed.cc\/de\/wp-json\/wp\/v2\/users\/4"}],"replies":[{"embeddable":true,"href":"http:\/\/www.top-speed.cc\/de\/wp-json\/wp\/v2\/comments?post=9"}],"version-history":[{"count":19,"href":"http:\/\/www.top-speed.cc\/de\/wp-json\/wp\/v2\/pages\/9\/revisions"}],"predecessor-version":[{"id":2081,"href":"http:\/\/www.top-speed.cc\/de\/wp-json\/wp\/v2\/pages\/9\/revisions\/2081"}],"wp:attachment":[{"href":"http:\/\/www.top-speed.cc\/de\/wp-json\/wp\/v2\/media?parent=9"}],"curies":[{"name":"wp","href":"https:\/\/api.w.org\/{rel}","templated":true}]}}