{"id":23,"date":"2016-12-09T10:14:57","date_gmt":"2016-12-09T09:14:57","guid":{"rendered":"http:\/\/www.top-speed.cc\/?page_id=23"},"modified":"2023-02-27T20:50:03","modified_gmt":"2023-02-27T19:50:03","slug":"impressum","status":"publish","type":"page","link":"http:\/\/www.top-speed.cc\/de\/impressum\/","title":{"rendered":"Impressum"},"content":{"rendered":"<section class=\"wpb-content-wrapper\"><p>[vc_row full_width=&#8220;stretch_row_content_no_spaces&#8220;][vc_column]<div class=\"wpb_content_element\"><div class=\"dc-page-title\">\n\t\t\t\t\t<div class=\"container\">\n\t\t\t\t\t\t<h1>Impressum<\/h1>\n\n\t\t\t\t\t\t<div class=\"dc-page-title-breadcrumbs\">\n\n\t\t\t\t\t\t\t<ul>\t<li><a href=\"http:\/\/www.top-speed.cc\/de\/\">Start<\/a><\/li>\t<li class=\"current\">Impressum<\/li><\/ul>\n\n\t\t\t\t\t\t<\/div>\n\t\t\t\t\t<\/div>\n\t\t\t\t<\/div><\/div>[\/vc_column][\/vc_row][vc_row][vc_column]<div class=\"wpb_content_element\"><div class=\"dc-headline-with-border clearfix\">\n\t\t\t\t\t<h2 class=\"dc-headline-with-border-title\">\n\t\t\t\t\t\tImpressum f\u00fcr Top Speed\n\t\t\t\t\t<\/h2>\n\t\t\t\t\t<span>legal notice<\/span>\n\t\t\t\t<\/div><\/div>[\/vc_column][\/vc_row][vc_row][vc_column width=&#8220;1\/3&#8243;]<div class=\"wpb_content_element\"><h3 >Rechtliches<\/h3><\/div>[vc_column_text]Rechtliche Angaben f\u00fcr die Seiten von Top Speed \u2013 Das Rennteam von und f\u00fcr Speed-Enthusiasten.[\/vc_column_text][\/vc_column][vc_column width=&#8220;1\/3&#8243;][vc_column_text]<strong>Firmenbezeichnung:<\/strong><br \/>\nTop Speed GmbH<\/p>\n<p><strong>Adresse:<\/strong><br \/>\nJohann-Herbst-Strasse 3a<br \/>\nA-5061 Elsbethen<br \/>\n\u00d6sterreich\/Austria<br \/>\nTel.:\u00a0+43 650 78 40 784<br \/>\nEmail: <a href=\"mailto:info@top-speed.cc\">info@top-speed.cc<\/a><\/p>\n<p><strong>Gericht:<\/strong><br \/>\nLandesgericht Salzburg<br \/>\nFN 588229 v<\/p>\n<p><strong>UID:<\/strong><br \/>\nATU78569005[\/vc_column_text][\/vc_column][vc_column width=&#8220;1\/3&#8243;][vc_column_text]<strong>Kontakt:<\/strong><br \/>\nTelefon +43 650 78 40 784<br \/>\nTelefax +43 662 62 22 39<\/p>\n<p>E-Mail <a href=\"mailto:info@top-speed.cc\">info@top-speed.cc<\/a><br \/>\nInternet: <a href=\"http:\/\/www.top-speed.cc\">www.top-speed.cc<\/a>[\/vc_column_text][\/vc_column][\/vc_row][vc_row][vc_column]<div class=\"wpb_content_element\"><hr class=\"dc-divider\" style=\"background: url(http:\/\/www.top-speed.cc\/wp-content\/themes\/topspeed\/img\/border-element.png) repeat-x scroll top left \/ contain;\" \/><\/div><div class=\"wpb_content_element\"><h3 >Disclaimer<\/h3><\/div>[vc_column_text]<strong>Urheberrechtlicher Schutz <\/strong><br \/>\nS\u00e4mtliche auf der Homepage von Top Speed bereitgestellten Inhalte unterliegen dem Urheberrecht von Top Speed, Partnerfirmen oder von Dritten. Diese Inhalte d\u00fcrfen nur zu privaten Zwecken bearbeitet, ausgedruckt, kopiert, verwertet oder verwendet werden. Eine Nutzung zu gewerblichen Zwecken ist ausdr\u00fccklich verboten bzw. bedarf der ausdr\u00fccklichen Genehmigung von Top Speed. Der Internetauftritt von Top Speed darf weder in ihrer Gesamtheit (Struktur, Grafik, Design, Texte) noch in Ausschnitten ohne ausdr\u00fcckliche Zustimmung von Top Speed vervielf\u00e4ltigt, ver\u00f6ffentlicht oder anderweitig wiedergegeben werden.[\/vc_column_text][vc_column_text]<strong>Haftung und Inhalte<\/strong><br \/>\nDie Inhalte auf den Seiten von Top Speed werden regelm\u00e4\u00dfig \u00fcberpr\u00fcft und aktualisiert, wobei jedoch f\u00fcr die Richtigkeit, Vollst\u00e4ndigkeit und letzte Aktualit\u00e4t keine Gew\u00e4hr geleistet werden kann. F\u00fcr Sch\u00e4den, die sich aus versp\u00e4teten oder nicht korrekten Inhalten oder Handlungen ergeben, welche im Vertrauen auf die Richtigkeit des Inhaltes gemacht wurden, \u00fcbernimmt Top Speed keine Haftung.[\/vc_column_text][vc_column_text]<strong>Haftung f\u00fcr Links<\/strong><br \/>\nTop Speed \u00fcbernimmt keine Haftung f\u00fcr Inhalte auf Websites von Dritten, welche \u00fcber Links zug\u00e4nglich gemacht werden. F\u00fcr diese Inhalte sind ausschlie\u00dflich die Betreiber dieser Websites verantwortlich.[\/vc_column_text][vc_column_text]<strong>Webmail, SMS-Dienst<\/strong><br \/>\nWerden von Benutzern Informationen (Texte, Bilder) im Rahmen von Diensten, die auf einer Internetseite von Top Speed zur Verf\u00fcgung gestellt werden, verbreitet und \u00fcbermittelt, so \u00fcbernimmt Top Speed keine Haftung f\u00fcr diese Informationen. Die Benutzer dieser Dienste verpflichten sich, alle einschl\u00e4gigen Rechtsvorschriften (z. B. Strafgesetzbuch, Pornografiegesetz, Verbotsgesetz, E-Commerce-Gesetz) zu beachten. Top Speed ist diesbez\u00fcglich schad- und klaglos zu halten. Top Speed kann f\u00fcr eine \u00dcbertragung und Zustellung von Nachrichten im Rahmen von Webmail, SMS-Dienst oder \u00e4hnlichen Diensten nicht garantieren und \u00fcbernimmt f\u00fcr eine mangelhafte oder nicht erfolgte Zustellung keine Haftung.[\/vc_column_text][vc_column_text]<strong>Datenschutz<\/strong><br \/>\nDaten, die im Rahmen der Ben\u00fctzung der Internetseiten von Top Speed anfallen, werden nur in der Art und Weise verwendet, wie dies gesetzlich erlaubt ist (Datenschutzgesetz, Telekommunikationsgesetz).[\/vc_column_text][\/vc_column][\/vc_row][vc_row][vc_column]<div class=\"wpb_content_element\"><hr class=\"dc-divider\" style=\"background: url(http:\/\/www.top-speed.cc\/wp-content\/themes\/topspeed\/img\/border-element.png) repeat-x scroll top left \/ contain;\" \/><\/div><div class=\"wpb_content_element\"><h3 >Bildnachweis<\/h3><\/div>[vc_column_text]\u00a9 Michael Kavena \/ pixelblvd.de, <span style=\"display: inline !important; float: none; background-color: transparent; color: #333333; cursor: text; font-family: Georgia,'Times New Roman','Bitstream Charter',Times,serif; font-size: 16px; font-style: normal; font-variant: normal; font-weight: 400; letter-spacing: normal; orphans: 2; text-align: left; text-decoration: none; text-indent: 0px; text-transform: none; -webkit-text-stroke-width: 0px; white-space: normal; word-spacing: 0px;\">\u00a9<\/span> Harald Schwarz \/ SMW-MEDIA.com, <span style=\"display: inline !important; float: none; background-color: transparent; color: #333333; cursor: text; font-family: Georgia,'Times New Roman','Bitstream Charter',Times,serif; font-size: 16px; font-style: normal; font-variant: normal; font-weight: 400; letter-spacing: normal; orphans: 2; text-align: left; text-decoration: none; text-indent: 0px; text-transform: none; -webkit-text-stroke-width: 0px; white-space: normal; word-spacing: 0px;\">\u00a9<\/span> Ladislav Hajek Photography, \u00a9 Du\u0161an Belica \/ foto@motormix.cz, \u00a9 corepic \/ Fotolia.com,[\/vc_column_text][\/vc_column][\/vc_row]<\/p>\n<\/section>","protected":false},"excerpt":{"rendered":"<p>[vc_row full_width=&#8220;stretch_row_content_no_spaces&#8220;][vc_column][\/vc_column][\/vc_row][vc_row][vc_column][\/vc_column][\/vc_row][vc_row][vc_column width=&#8220;1\/3&#8243;][vc_column_text]Rechtliche Angaben f\u00fcr die Seiten von Top Speed \u2013 Das Rennteam von und f\u00fcr Speed-Enthusiasten.[\/vc_column_text][\/vc_column][vc_column width=&#8220;1\/3&#8243;][vc_column_text]Firmenbezeichnung: Top Speed GmbH Adresse: Johann-Herbst-Strasse 3a A-5061 Elsbethen \u00d6sterreich\/Austria Tel.:\u00a0+43 650 78 40 784 Email: info@top-speed.cc Gericht: Landesgericht Salzburg FN 588229 v UID: ATU78569005[\/vc_column_text][\/vc_column][vc_column width=&#8220;1\/3&#8243;][vc_column_text]Kontakt: Telefon +43 650 78 40 784 Telefax +43 662 62 22 39 [&hellip;]<\/p>\n","protected":false},"author":4,"featured_media":0,"parent":0,"menu_order":0,"comment_status":"closed","ping_status":"closed","template":"","meta":[],"_links":{"self":[{"href":"http:\/\/www.top-speed.cc\/de\/wp-json\/wp\/v2\/pages\/23"}],"collection":[{"href":"http:\/\/www.top-speed.cc\/de\/wp-json\/wp\/v2\/pages"}],"about":[{"href":"http:\/\/www.top-speed.cc\/de\/wp-json\/wp\/v2\/types\/page"}],"author":[{"embeddable":true,"href":"http:\/\/www.top-speed.cc\/de\/wp-json\/wp\/v2\/users\/4"}],"replies":[{"embeddable":true,"href":"http:\/\/www.top-speed.cc\/de\/wp-json\/wp\/v2\/comments?post=23"}],"version-history":[{"count":23,"href":"http:\/\/www.top-speed.cc\/de\/wp-json\/wp\/v2\/pages\/23\/revisions"}],"predecessor-version":[{"id":2351,"href":"http:\/\/www.top-speed.cc\/de\/wp-json\/wp\/v2\/pages\/23\/revisions\/2351"}],"wp:attachment":[{"href":"http:\/\/www.top-speed.cc\/de\/wp-json\/wp\/v2\/media?parent=23"}],"curies":[{"name":"wp","href":"https:\/\/api.w.org\/{rel}","templated":true}]}}